{"id":1323,"date":"2020-08-12T12:41:00","date_gmt":"2020-08-12T10:41:00","guid":{"rendered":"http:\/\/grupjorsan.pruebasweb.com.es\/aviso-legal\/"},"modified":"2020-08-26T12:32:34","modified_gmt":"2020-08-26T10:32:34","slug":"avis-legal","status":"publish","type":"page","link":"https:\/\/grupjorsan.com\/ca\/avis-legal\/","title":{"rendered":"Av\u00eds legal"},"content":{"rendered":"<div class=\"fusion-fullwidth fullwidth-box fusion-builder-row-1 fusion-flex-container nonhundred-percent-fullwidth non-hundred-percent-height-scrolling\" style=\"--awb-border-radius-top-left:0px;--awb-border-radius-top-right:0px;--awb-border-radius-bottom-right:0px;--awb-border-radius-bottom-left:0px;--awb-flex-wrap:wrap;\" ><div class=\"fusion-builder-row fusion-row fusion-flex-align-items-flex-start fusion-flex-content-wrap\" style=\"max-width:1248px;margin-left: calc(-4% \/ 2 );margin-right: calc(-4% \/ 2 );\"><div class=\"fusion-layout-column fusion_builder_column fusion-builder-column-0 fusion_builder_column_1_1 1_1 fusion-flex-column\" style=\"--awb-bg-size:cover;--awb-width-large:100%;--awb-margin-top-large:0px;--awb-spacing-right-large:1.92%;--awb-margin-bottom-large:20px;--awb-spacing-left-large:1.92%;--awb-width-medium:100%;--awb-order-medium:0;--awb-spacing-right-medium:1.92%;--awb-spacing-left-medium:1.92%;--awb-width-small:100%;--awb-order-small:0;--awb-spacing-right-small:1.92%;--awb-spacing-left-small:1.92%;\"><div class=\"fusion-column-wrapper fusion-column-has-shadow fusion-flex-justify-content-flex-start fusion-content-layout-column\"><div class=\"fusion-text fusion-text-1 justificado\"><h3><strong>AV\u00cdS LEGAL<\/strong><\/h3>\n<p style=\"text-align: justify;\">En compliment de la Llei 34\/2002 de Serveis de la Societat de la Informaci\u00f3 i de Comer\u00e7 Electr\u00f2nic d&#8217;Espanya, us informem que aquesta web \u00e9s propietat de Iniciatives Jorsan 2002, S.L., amb domicili Venus, 48 (Nave, 8) \u2013 08228 Terrassa (Barcelona) \u2013 ESPA\u00d1A, con C.I.F. B62997622 i inscrita en el Registre Mercantil de Barcelona, Tom 28694, Full 021047220, data 02\/04\/2001<\/p>\n<p style=\"text-align: justify;\">Aquesta web es regeix per la normativa exclusivament aplicable a Espanya, quedant sotmesa a ella, tant nacionals com estrangers que utilitzin aquesta web.<\/p>\n<p style=\"text-align: justify;\">L&#8217;acc\u00e9s a la nostra web per part de l&#8217;USUARI \u00e9s gratu\u00eft i est\u00e0 condicionat a la previa lectura i acceptaci\u00f3 \u00edntegra, expressa i sense reserves de les presents CONDICIONS GENERALS D&#8217;\u00daS vigents en el moment de l&#8217;acc\u00e9s, que preguem llegeixi detingudament. L&#8217;USUARI, en el moment que utilitza la nostra web, els seus continguts o serveis, accepta i se sotmet expressament a les condicions generals de l&#8217;\u00fas de la mateixa. Si l&#8217;USUARI no estigu\u00e9s d&#8217;acord amb les presents condicions d&#8217;\u00fas, hauria d&#8217;abstenir-se d&#8217;utilitzar aquesta web i operar per mitj\u00e0 d&#8217;aquesta.<\/p>\n<p style=\"text-align: justify;\">En qualsevol moment podrem modificar, de forma unilateral i sense preav\u00eds,la presentaci\u00f3 i configuraci\u00f3 d&#8217;aquesta web, ampliar o reduir serveis o fins i tot suprimir-la de la xarxa, aix\u00ed com els serveis i continguts presents.<\/p>\n<p><strong>A. PROPIETAT INTELECTUAL<\/strong><\/p>\n<p style=\"text-align: justify;\">Tots els continguts, textos, imatges i codis font s\u00f3n propietat de Iniciatives Jorsan 2002, S.L. o de tercers als que han adquirit els seus drets d&#8217;explotaci\u00f3 i s\u00f3n protegits pels drets de Propietat Intelectual i Industrial.<\/p>\n<p style=\"text-align: justify;\">L&#8217;USUARI \u00fanicament t\u00e9 dret a un \u00fas privat dels mateixos, sense \u00e0nim de lucre i necessita autoritzaci\u00f3 expressa de Iniciatives Jorsan 2002, S.L. i\/o el titular dels drets per a modificar-los, reproduir-los o qualsevol dret que a pertanyi al seu titular.<\/p>\n<p style=\"text-align: justify;\">L&#8217;establiment d&#8217;enlla\u00e7os a la nostra web no confereix cap dret sobre la mateixa i s&#8217;autoritzen exclusivament per a permetre l&#8217;acc\u00e9s a nostra web, quedant prohibida en altres p\u00e0gines la reproducci\u00f3 total o parcial de les imatges i\/o continguts de la nostra web. Aix\u00ed mateix, el simple fet d&#8217;establir un enlla\u00e7 a la nostra web no dona dret a atorgar-se la categoria de col\u00b7laborador o soci de Iniciatives Jorsan 2002, S.L.<\/p>\n<p style=\"text-align: justify;\">Queda absolutament prohibida la imitaci\u00f3, ja sigui total o parcial de la nostra web.<\/p>\n<p><strong>B. CONDICIONS D&#8217;ACC\u00c9S<\/strong><\/p>\n<p style=\"text-align: justify;\">L&#8217;acc\u00e9s a la nostra web \u00e9s gratu\u00eft i no exigeix pr\u00e8via subscripci\u00f3 o registre. No obstant, Iniciatives Jorsan 2002, S.L. es reserva el dret d&#8217;oferir serveis que requereixin el registre previ de l&#8217;USUARI. En tot cas, aquests serveis seran degudament identificats a la web, amb indicacions f\u00e0cils per al seu registre.<\/p>\n<p style=\"text-align: justify;\">L&#8217;USUARI, ha d&#8217;accedir a la nostra web de bona fe, d&#8217;acord a les normes d&#8217;ordre p\u00fablic, a les presents Condicions Generals d&#8217;\u00fas. L&#8217;acc\u00e9s a la nostra p\u00e0gina web es realitza sota la propia i exclusiva responsabilitat de l&#8217;USUARI, que respondr\u00e0 en tot cas dels danys i perjudicis que pogu\u00e9s causar a tercers o a nosaltres mateixos.<\/p>\n<p style=\"text-align: justify;\">L&#8217;USUARI t\u00e9 expressament prohibit la utilitzaci\u00f3 i la obtenci\u00f3 dels serveis i continguts oferts en el present web, per procediments diferents als estipulats en les presents condicions d&#8217;\u00fas i en el seu cas en les condicions particulars que regulen a l&#8217;adquisici\u00f3 de determinats serveis.<\/p>\n<p style=\"text-align: justify;\">Tenint en compte la impossibilitat de control respecte a la informaci\u00f3, continguts i serveis que puguin contenir altres websites als que es pugui accedir mitjan\u00e7ant els enlla\u00e7os que la nostra web posa a la seva disposici\u00f3, els comuniquem que Iniciatives Jorsan 2002, S.L. queda eximida de qualsevol responsabilitat pels danys i perjudicis de tota classe que es poguessin derivar per la utilitzaci\u00f3 d&#8217;aquestes p\u00e0gines web alienes a la nostra per part de l&#8217;USUARI. Iniciatives Jorsan 2002, S.L.<br \/>\nes reserva el dret a exercitar les accions legals oportunes contra aquells USUARIS que vulnerin les presents condicions generals d&#8217;\u00fas, acceptant l&#8217;USUARI que la no iniciaci\u00f3 d&#8217;aquestes accions no constitueix una ren\u00fancia formal a les mateixes,romanent aquestes vigents fins als terminis de la prescripci\u00f3 de les infraccions.<\/p>\n<p><strong>C. PROTECCI\u00d3 DE DADES PERSONALS<\/strong><\/p>\n<p style=\"text-align: justify;\">La confidencialitat, el secret professional i la seguritat s\u00f3n valors primordials de Iniciatives Jorsan 2002, S.L., que assumeix el comprom\u00eds de garantir la privacitat de l&#8217;USUARI en tot moment i en totes les interaccions amb aquest. Iniciatives Jorsan 2002, S.L. assumeix tamb\u00e9 el comprom\u00eds de no recopilar informaci\u00f3 innecesaria sobre l&#8217;USUARI. Aix\u00ed mateix, ens comprometem a tractar amb extrema dilig\u00e8ncia la informaci\u00f3 personal que l&#8217;USUARI pogu\u00e9s facilitar mitjan\u00e7ant la nostra web.<\/p>\n<p style=\"text-align: justify;\">De conformitat amb la Llei Org\u00e0nica 15\/1999 de Protecci\u00f3 de Dades de Car\u00e0cter Personal (LOPD) i Reial Decret 1720\/2007 de desenvolupament de la LOPD, us informem que la utilitzaci\u00f3 de determinats serveis en la nostra web requereix que ens faciliti determinades dades personals mitjan\u00e7ant formularis de registre o mitjan\u00e7ant l&#8217;enviament de missatges de correu electr\u00f2nic i que aquests seran incorporats als fitxers de Iniciatives Jorsan 2002, S.L., titular i responsable del mateix. L&#8217;enviament esmentat de les dades personals constitueix el consentiment expr\u00e9s al tractament de les mateixes, essent de car\u00e0cter revocable i sense efectes retroactius.<\/p>\n<p style=\"text-align: justify;\">Aix\u00ed mateix us informem que tots els nostres fitxers es troben legalment inscrits en el Registre General de Dades Personals de l&#8217;Ag\u00e8ncia Espanyola de Protecci\u00f3 de Dades i per tal de salvaguardar la seguretat de les seves dades personals s&#8217;aplicaran les mesures de seguretat t\u00e8cniques i organitzavtives exigides en el Reial Decret 1720\/2007 que regula el reglament de mesures de seguretat dels fitxers que continguin dades de car\u00e0cter personal.<\/p>\n<p><strong>\u00daS DE LES VOSTRES DADES PERSONALS<\/strong><\/p>\n<p style=\"text-align: justify;\">Les dades que us sol\u00b7licitem s\u00f3n les adequades, pertinents i estrictament necess\u00e0ries per la finalitat per la qual es recullen i en cap cas estan obligats a facilitar-nos. Aix\u00ed mateix, ens certifica que totes les dades que ens facilita s\u00f3n certes i pertinents per a la finalitat per la qual les sol\u00b7licitem. La nostra web recull les seves dades personal mitjan\u00e7ant la recepci\u00f3 de diversos formularis i mitjan\u00e7ant el correu electr\u00f2nic on poden sol\u00b7licitar-nos qualsevol tipus d&#8217;informaci\u00f3, dubte o aclariment o fins i tot remetre&#8217;ns el seu Curr\u00edculum Vitae. L&#8217;enviament dels mateixos implica la seva autoritzaci\u00f3 a incorporar-los als nostres fitxers corresponents, si Iniciatives Jorsan 2002, S.L. ho considera convenient, i aquests estaran regulats per les actuals pol\u00edtiques de privacitat. Les seves dades seran incorporades als nostres fitxers de tractament de dades.<\/p>\n<p style=\"text-align: justify;\">Iniciatives Jorsan 2002, S.L., es reserva el dret a decidir la incorporaci\u00f3 o no de les seves dades als seus fixters.<\/p>\n<p><strong>DRETS D&#8217;ACC\u00c9S, RECTIFICACI\u00d3, CANCEL\u00b7LACI\u00d3 DE LES SEVES DADES PERSONALS<\/strong><\/p>\n<p style=\"text-align: justify;\">En qualsevol moment poden oposar-se als nostres enviaments comercials, aix\u00ed com exercir els seus drets d&#8217;acc\u00e9s, rectificaci\u00f3 i cancel\u00b7laci\u00f3 en termes establerts legalment, dirigint-se a Iniciatives Jorsan 2002, S.L.<br \/>\nVenus, 48 (Nave, 8) &#8211; 08228 Terrassa (Barcelona) &#8211; SPAIN<\/p>\n<p><strong>COMUNICACI\u00d3 DE DADES<\/strong><\/p>\n<p style=\"text-align: justify;\">Iniciatives Jorsan 2002, S.L. l&#8217;informa que les seves dades s\u00f3n tractades confidencialment i s\u00f3n utilitzades exclusivament de manera interna i per a les finalitats indicades. Per tant, no cedim ni comuniquem a tercers les seves dades, excepte en els casos legalment previstos, o que l&#8217;USUARI ens autoritzi expressament.<\/p>\n<p><strong>SEGURETAT DE LES SEVES DADES PERSONALS<\/strong><\/p>\n<p style=\"text-align: justify;\">Amb l&#8217;objectiu de salvaguardar la seguretat de les seves dades personals, l&#8217;informem que Iniciatives Jorsan 2002, S.L. ha adoptat totes les mesures d&#8217;\u00edndole t\u00e8cnica i organitzativa necess\u00e0ries per tal de garantir la seguretat de totes les dades personals subministrades, de la seva alteraci\u00f3, p\u00e8rdua i tractament o accessos no autoritzats, tal com exigeix el Reial Decret 1720\/2007 regula el reglament de mesures de seguretat dels fitxers que continguin dades de car\u00e0cter personal.<\/p>\n<p><strong>ACTUALITZACI\u00d3 DE LES VOSTRES DADES<\/strong><\/p>\n<p style=\"text-align: justify;\">\u00c9s important que perqu\u00e8 puguem mantenir les seves dades personals actualitzades, ens informi sempre que s&#8217;hagi modificat alguna dada, en cas contrari, no responem de la veracitat de les mateixes.<\/p>\n<p style=\"text-align: justify;\">Considerem que si no cancel\u00b7la les seves dades personals expressament dels nostres fitxers, continua interessat en seguir incorporat als mateixos fins que Iniciatives Jorsan 2002, S.L.<br \/>\nho consideri oport\u00fa i mentre sigui adequat a la finalitat per la que es van obtenir. Iniciatives Jorsan 2002, S.L. no es fa responsable de la pol\u00edtica de privacitat respecte a les dades personals que pugui facilitar a tercers per mitj\u00e0 d&#8217;enlla\u00e7os disponibles en la nostra web.<\/p>\n<p style=\"text-align: justify;\">Iniciatives Jorsan 2002, S.L. pot modificar les actuals pol\u00edtiques de privacitat per adaptar-les a les modificacions que es produeixi en la nostra web, aix\u00ed com les modificacions legislatives o jurisprudencials sobre dades personals que vagin apareixent, pel que exigeix la seva lectura, cada vegada que ens faciliti les seves dades mitjan\u00e7ant aquesta web.<\/p>\n<p><strong>D. RESPONSABILITATS<\/strong><\/p>\n<p style=\"text-align: justify;\">Al posar a disposici\u00f3 de l&#8217;USUARI aquesta web, volerm oferir-li una s\u00e8rie de continguts i serveis de qualitat, utilitzant la m\u00e0xima dilig\u00e8ncia en la prestaci\u00f3 dels mateixos, aix\u00ed com en els mitjans tecnol\u00f2gics utilitzats. No obstant, no respondrem de la pres\u00e8ncia de virus i d&#8217;altres elements que d&#8217;alguna manera puguin malmetre el sistema inform\u00e0tic de l&#8217;USUARI.<\/p>\n<p style=\"text-align: justify;\">L&#8217;USUARI t\u00e9 prohibit qualsevol tipus d&#8217;acci\u00f3 sobre la nostra web que origini una sobrec\u00e0rrega als nostres sistemes inform\u00e0tics, aix\u00ed com la introducci\u00f3 de virus, instal\u00b7laci\u00f3 de robots o de software que alteri el normal funcionament de la nostra web, o en definitiva pugui causar danys als nostres sistemes inform\u00e0tics.<\/p>\n<p style=\"text-align: justify;\">L&#8217;USUARI assumeix tota responsabilitat derivada de l&#8217;\u00fas de la nostra web, essent l\u2019\u00fanic responsable de tot efecte directe o indirecte que sobre la web se&#8217;n derivi, incloent de forma enunciativa i no limitativa, tot resultat econ\u00f2mic, t\u00e8cnic i\/o jur\u00eddic advers, aix\u00ed com el defraudament de les expectatives generades pel nostre portal, obligant a l&#8217;USUARI a mantenir indemne a Iniciatives Jorsan 2002, S.L. per qualsevol reclamaci\u00f3 derivada, directa o indirectament de tals fets.<\/p>\n<p style=\"text-align: justify;\">Iniciatives Jorsan 2002, S.L. queda exonerat de responsabilitat de qualsevol reclamaci\u00f3 respecte als drets de la propietat intelectual dels articles i imatges publicades en el seu portal, aix\u00ed com, no garanteix la exactitud, veracitat i vig\u00e8ncia dels continguts d&#8217;aquesta web, ja siguin propis, de tercers o enlla\u00e7ables a d&#8217;altres websites, quedant totalment exonerada de qualsevol responsabilitat derivada de l&#8217;\u00fas dels mateixos.<\/p>\n<p style=\"text-align: justify;\">Iniciatives Jorsan 2002, S.L. queda exonerada de qualsevol responsabilitat derivada de qualsevol reclamaci\u00f3, incl\u00f2s el pagament d&#8217;honoraris a advocats, per les demandes i reclamacions originades per tercers per l&#8217;incomplimnent per part de l&#8217;USUARI de les nostres condicions d&#8217;\u00fas, acc\u00e8s i pol\u00edtica de privacitat o qualsevol altra reclamaci\u00f3 per l&#8217;incompliment de la legislaci\u00f3 vigent.<\/p>\n<p style=\"text-align: justify;\">L&#8217;USUARI reconeix que ha ent\u00e8s tota la informaci\u00f3 respecte a les condicions de l\u2019\u00fas del nostre portal i reconeix que s\u00f3n suficients per a la exclusi\u00f3 de l&#8217;error en les mateixes, i per tant, les accepta i les integra expressament.<\/p>\n<p style=\"text-align: justify;\">L&#8217;USUARI \u00fas plenament conscient de que la mera navegaci\u00f3 per l&#8217;actual web, aix\u00ed com la utilitzaci\u00f3 dels seus serveis, implica l&#8217;acceptaci\u00f3 de les actuals condicions d&#8217;\u00fas.<\/p>\n<p style=\"text-align: justify;\">Tot el que fa refer\u00e8ncia a la nostra web, es regeix exlusivament per les lleis espanyoles. En el cas que es produeixi qualsevol tipus de discrep\u00e0ncia o difer\u00e8ncia entre les parts en relaci\u00f3 amb la interpretaci\u00f3 i contingut de l&#8217;actual web, totes les parts se sotmeten, amb ren\u00fancia expressa a qualsevol altre fur, als jutjats i Tribunals de Barcelona.<\/p>\n<p><strong>E. GOOGLE ANALYTICS<\/strong><\/p>\n<p style=\"text-align: justify;\">Aquesta p\u00e0gina web utilitza Google Analytics, un servei anal\u00edtic de web prestat per Google, Inc., amb adre\u00e7a d&#8217;oficina principal: 1600 Amphitheatre Parkway, Mountain View (California), CA 94043, Estats Units (\u201cGoogle\u201d).<\/p>\n<p style=\"text-align: justify;\">Google Analytics utilitza cookies, que s\u00f3n arxius de text ubicats en el seu ordinador, per ajudar a la website a analitzar l&#8217;\u00fas que fan els usuaris del lloc web.<\/p>\n<p style=\"text-align: justify;\">La informaci\u00f3 que genera la cookie sobre l&#8217;\u00fas del website (incloent la seva adre\u00e7a IP) ser\u00e0 diretament transmesa i arxivada per Google en els servidors d&#8217;Estats Units.<\/p>\n<p style=\"text-align: justify;\">Google utilitzar\u00e0 aquesta informaci\u00f3 per compte nostre amb el prop\u00f2sit de seguir la pista sobre l&#8217;\u00fas d&#8217;aquesta website i prestant altres serveis relacionats amb l&#8217;activitat del website i l&#8217;\u00fas d&#8217;internet.<\/p>\n<p style=\"text-align: justify;\">Google podr\u00e0 trnsmetre l&#8217;esmentada informaci\u00f3 a tercers quan aix\u00ed ho requereixi la legislaci\u00f3, o quan els tercers processin la informaci\u00f3 per compte de Google.<\/p>\n<p style=\"text-align: justify;\">Google no associar\u00e0 la seva adre\u00e7a IP amb cap altre dada que disposi Google.<\/p>\n<p style=\"text-align: justify;\">Aquesta web pot fer \u00fas de &#8220;tracking tags&#8221; en determinades p\u00e0gines per la mesura i optimitzaci\u00f3 de campanyes de marketing de resultats, no emmagatzemant-se en cap cas informaci\u00f3 personal de l&#8217;usuari.<\/p>\n<p style=\"text-align: justify;\">L&#8217;USUARI pot rebutjar el tractament de dades o la informaci\u00f3 rebutjant l&#8217;\u00fas de cookies mitjan\u00e7ant la selecci\u00f3 de la configuraci\u00f3 apropiada del seu navegador. No obstant, ha de saber que si ho fa pot ser que no pugui utilitzar la web amb plena funcionalitat. En utilitzar aquesta web l&#8217;USUARI consenteix el tractament d&#8217;aquesta informaci\u00f3 per Google en la forma i per a les finalitats indicades.<\/p>\n<\/div><\/div><\/div><\/div><\/div>\n","protected":false},"excerpt":{"rendered":"","protected":false},"author":1,"featured_media":0,"parent":0,"menu_order":0,"comment_status":"closed","ping_status":"closed","template":"","meta":{"footnotes":""},"class_list":["post-1323","page","type-page","status-publish","hentry"],"yoast_head":"<!-- This site is optimized with the Yoast SEO plugin v27.4 - https:\/\/yoast.com\/product\/yoast-seo-wordpress\/ -->\n<title>Av\u00eds legal a la web de Grup Jorsan<\/title>\n<meta name=\"description\" content=\"Grup Jorsan \u00e9s una empresa especialitzada en vendre vehicles industrials i som concessionari oficial Isuzu a Barcelona. A m\u00e9s, oferim serveis de taller. Av\u00eds legal.\" \/>\n<meta name=\"robots\" content=\"index, follow, max-snippet:-1, max-image-preview:large, max-video-preview:-1\" \/>\n<link rel=\"canonical\" href=\"https:\/\/grupjorsan.com\/ca\/avis-legal\/\" \/>\n<meta property=\"og:locale\" content=\"ca_ES\" \/>\n<meta property=\"og:type\" content=\"article\" \/>\n<meta property=\"og:title\" content=\"Av\u00eds legal a la web de Grup Jorsan\" \/>\n<meta property=\"og:description\" content=\"Grup Jorsan \u00e9s una empresa especialitzada en vendre vehicles industrials i som concessionari oficial Isuzu a Barcelona. A m\u00e9s, oferim serveis de taller. Av\u00eds legal.\" \/>\n<meta property=\"og:url\" content=\"https:\/\/grupjorsan.com\/ca\/avis-legal\/\" \/>\n<meta property=\"og:site_name\" content=\"Reparaci\u00f3n y mantenimiento de veh\u00edculos industriales\" \/>\n<meta property=\"article:modified_time\" content=\"2020-08-26T10:32:34+00:00\" \/>\n<meta name=\"twitter:card\" content=\"summary_large_image\" \/>\n<meta name=\"twitter:label1\" content=\"Temps estimat de lectura\" \/>\n\t<meta name=\"twitter:data1\" content=\"14 minuts\" \/>\n<script type=\"application\/ld+json\" class=\"yoast-schema-graph\">{\"@context\":\"https:\\\/\\\/schema.org\",\"@graph\":[{\"@type\":\"WebPage\",\"@id\":\"https:\\\/\\\/grupjorsan.com\\\/ca\\\/avis-legal\\\/\",\"url\":\"https:\\\/\\\/grupjorsan.com\\\/ca\\\/avis-legal\\\/\",\"name\":\"Av\u00eds legal a la web de Grup Jorsan\",\"isPartOf\":{\"@id\":\"https:\\\/\\\/grupjorsan.com\\\/#website\"},\"datePublished\":\"2020-08-12T10:41:00+00:00\",\"dateModified\":\"2020-08-26T10:32:34+00:00\",\"description\":\"Grup Jorsan \u00e9s una empresa especialitzada en vendre vehicles industrials i som concessionari oficial Isuzu a Barcelona. A m\u00e9s, oferim serveis de taller. Av\u00eds legal.\",\"breadcrumb\":{\"@id\":\"https:\\\/\\\/grupjorsan.com\\\/ca\\\/avis-legal\\\/#breadcrumb\"},\"inLanguage\":\"ca\",\"potentialAction\":[{\"@type\":\"ReadAction\",\"target\":[\"https:\\\/\\\/grupjorsan.com\\\/ca\\\/avis-legal\\\/\"]}]},{\"@type\":\"BreadcrumbList\",\"@id\":\"https:\\\/\\\/grupjorsan.com\\\/ca\\\/avis-legal\\\/#breadcrumb\",\"itemListElement\":[{\"@type\":\"ListItem\",\"position\":1,\"name\":\"Portada\",\"item\":\"https:\\\/\\\/grupjorsan.com\\\/ca\\\/\"},{\"@type\":\"ListItem\",\"position\":2,\"name\":\"Av\u00eds legal\"}]},{\"@type\":\"WebSite\",\"@id\":\"https:\\\/\\\/grupjorsan.com\\\/#website\",\"url\":\"https:\\\/\\\/grupjorsan.com\\\/\",\"name\":\"Reparaci\u00f3n y mantenimiento de veh\u00edculos industriales\",\"description\":\"Venta de camiones, veh\u00edculos industriales y accesorios: tac\u00f3grafos, equipos de fr\u00edo, calefacci\u00f3n aut\u00f3noma. Concesionario oficial Isuzu. Servicio post-venta en taller propio.\",\"publisher\":{\"@id\":\"https:\\\/\\\/grupjorsan.com\\\/#organization\"},\"potentialAction\":[{\"@type\":\"SearchAction\",\"target\":{\"@type\":\"EntryPoint\",\"urlTemplate\":\"https:\\\/\\\/grupjorsan.com\\\/?s={search_term_string}\"},\"query-input\":{\"@type\":\"PropertyValueSpecification\",\"valueRequired\":true,\"valueName\":\"search_term_string\"}}],\"inLanguage\":\"ca\"},{\"@type\":\"Organization\",\"@id\":\"https:\\\/\\\/grupjorsan.com\\\/#organization\",\"name\":\"Grup Jorsan\",\"url\":\"https:\\\/\\\/grupjorsan.com\\\/\",\"logo\":{\"@type\":\"ImageObject\",\"inLanguage\":\"ca\",\"@id\":\"https:\\\/\\\/grupjorsan.com\\\/#\\\/schema\\\/logo\\\/image\\\/\",\"url\":\"https:\\\/\\\/grupjorsan.com\\\/wp-content\\\/uploads\\\/logo-jorsan-blanco.png\",\"contentUrl\":\"https:\\\/\\\/grupjorsan.com\\\/wp-content\\\/uploads\\\/logo-jorsan-blanco.png\",\"width\":159,\"height\":50,\"caption\":\"Grup Jorsan\"},\"image\":{\"@id\":\"https:\\\/\\\/grupjorsan.com\\\/#\\\/schema\\\/logo\\\/image\\\/\"}}]}<\/script>\n<!-- \/ Yoast SEO plugin. -->","yoast_head_json":{"title":"Av\u00eds legal a la web de Grup Jorsan","description":"Grup Jorsan \u00e9s una empresa especialitzada en vendre vehicles industrials i som concessionari oficial Isuzu a Barcelona. A m\u00e9s, oferim serveis de taller. Av\u00eds legal.","robots":{"index":"index","follow":"follow","max-snippet":"max-snippet:-1","max-image-preview":"max-image-preview:large","max-video-preview":"max-video-preview:-1"},"canonical":"https:\/\/grupjorsan.com\/ca\/avis-legal\/","og_locale":"ca_ES","og_type":"article","og_title":"Av\u00eds legal a la web de Grup Jorsan","og_description":"Grup Jorsan \u00e9s una empresa especialitzada en vendre vehicles industrials i som concessionari oficial Isuzu a Barcelona. A m\u00e9s, oferim serveis de taller. Av\u00eds legal.","og_url":"https:\/\/grupjorsan.com\/ca\/avis-legal\/","og_site_name":"Reparaci\u00f3n y mantenimiento de veh\u00edculos industriales","article_modified_time":"2020-08-26T10:32:34+00:00","twitter_card":"summary_large_image","twitter_misc":{"Temps estimat de lectura":"14 minuts"},"schema":{"@context":"https:\/\/schema.org","@graph":[{"@type":"WebPage","@id":"https:\/\/grupjorsan.com\/ca\/avis-legal\/","url":"https:\/\/grupjorsan.com\/ca\/avis-legal\/","name":"Av\u00eds legal a la web de Grup Jorsan","isPartOf":{"@id":"https:\/\/grupjorsan.com\/#website"},"datePublished":"2020-08-12T10:41:00+00:00","dateModified":"2020-08-26T10:32:34+00:00","description":"Grup Jorsan \u00e9s una empresa especialitzada en vendre vehicles industrials i som concessionari oficial Isuzu a Barcelona. A m\u00e9s, oferim serveis de taller. Av\u00eds legal.","breadcrumb":{"@id":"https:\/\/grupjorsan.com\/ca\/avis-legal\/#breadcrumb"},"inLanguage":"ca","potentialAction":[{"@type":"ReadAction","target":["https:\/\/grupjorsan.com\/ca\/avis-legal\/"]}]},{"@type":"BreadcrumbList","@id":"https:\/\/grupjorsan.com\/ca\/avis-legal\/#breadcrumb","itemListElement":[{"@type":"ListItem","position":1,"name":"Portada","item":"https:\/\/grupjorsan.com\/ca\/"},{"@type":"ListItem","position":2,"name":"Av\u00eds legal"}]},{"@type":"WebSite","@id":"https:\/\/grupjorsan.com\/#website","url":"https:\/\/grupjorsan.com\/","name":"Reparaci\u00f3n y mantenimiento de veh\u00edculos industriales","description":"Venta de camiones, veh\u00edculos industriales y accesorios: tac\u00f3grafos, equipos de fr\u00edo, calefacci\u00f3n aut\u00f3noma. Concesionario oficial Isuzu. Servicio post-venta en taller propio.","publisher":{"@id":"https:\/\/grupjorsan.com\/#organization"},"potentialAction":[{"@type":"SearchAction","target":{"@type":"EntryPoint","urlTemplate":"https:\/\/grupjorsan.com\/?s={search_term_string}"},"query-input":{"@type":"PropertyValueSpecification","valueRequired":true,"valueName":"search_term_string"}}],"inLanguage":"ca"},{"@type":"Organization","@id":"https:\/\/grupjorsan.com\/#organization","name":"Grup Jorsan","url":"https:\/\/grupjorsan.com\/","logo":{"@type":"ImageObject","inLanguage":"ca","@id":"https:\/\/grupjorsan.com\/#\/schema\/logo\/image\/","url":"https:\/\/grupjorsan.com\/wp-content\/uploads\/logo-jorsan-blanco.png","contentUrl":"https:\/\/grupjorsan.com\/wp-content\/uploads\/logo-jorsan-blanco.png","width":159,"height":50,"caption":"Grup Jorsan"},"image":{"@id":"https:\/\/grupjorsan.com\/#\/schema\/logo\/image\/"}}]}},"_links":{"self":[{"href":"https:\/\/grupjorsan.com\/ca\/wp-json\/wp\/v2\/pages\/1323","targetHints":{"allow":["GET"]}}],"collection":[{"href":"https:\/\/grupjorsan.com\/ca\/wp-json\/wp\/v2\/pages"}],"about":[{"href":"https:\/\/grupjorsan.com\/ca\/wp-json\/wp\/v2\/types\/page"}],"author":[{"embeddable":true,"href":"https:\/\/grupjorsan.com\/ca\/wp-json\/wp\/v2\/users\/1"}],"replies":[{"embeddable":true,"href":"https:\/\/grupjorsan.com\/ca\/wp-json\/wp\/v2\/comments?post=1323"}],"version-history":[{"count":4,"href":"https:\/\/grupjorsan.com\/ca\/wp-json\/wp\/v2\/pages\/1323\/revisions"}],"predecessor-version":[{"id":1418,"href":"https:\/\/grupjorsan.com\/ca\/wp-json\/wp\/v2\/pages\/1323\/revisions\/1418"}],"wp:attachment":[{"href":"https:\/\/grupjorsan.com\/ca\/wp-json\/wp\/v2\/media?parent=1323"}],"curies":[{"name":"wp","href":"https:\/\/api.w.org\/{rel}","templated":true}]}}